{"id":3200,"date":"2024-05-04T12:12:10","date_gmt":"2024-05-04T12:12:10","guid":{"rendered":"https:\/?page_id=3200"},"modified":"2024-06-06T19:06:31","modified_gmt":"2024-06-06T19:06:31","slug":"vip","status":"publish","type":"page","link":"https:\/\/snob-beach.com\/de\/vip\/","title":{"rendered":"LA ZONE"},"content":{"rendered":"<div data-elementor-type=\"wp-page\" data-elementor-id=\"3200\" class=\"elementor elementor-3200\" data-elementor-post-type=\"page\">\n\t\t\t\t\t\t<section class=\"elementor-section elementor-top-section elementor-element elementor-element-1923ae99 elementor-section-height-min-height elementor-hidden-tablet elementor-hidden-mobile elementor-section-boxed elementor-section-height-default elementor-section-items-middle\" data-id=\"1923ae99\" data-element_type=\"section\" data-e-type=\"section\" data-settings=\"{&quot;background_background&quot;:&quot;classic&quot;}\">\n\t\t\t\t\t\t\t<div class=\"elementor-background-overlay\"><\/div>\n\t\t\t\t\t\t\t<div class=\"elementor-container elementor-column-gap-default\">\n\t\t\t\t\t<div class=\"elementor-column elementor-col-100 elementor-top-column elementor-element elementor-element-6c685bbc\" data-id=\"6c685bbc\" data-element_type=\"column\" data-e-type=\"column\">\n\t\t\t<div class=\"elementor-widget-wrap\">\n\t\t\t\t\t\t\t<\/div>\n\t\t<\/div>\n\t\t\t\t\t<\/div>\n\t\t<\/section>\n\t\t\t\t<section class=\"elementor-section elementor-top-section elementor-element elementor-element-a2efb87 elementor-section-height-min-height elementor-section-full_width elementor-section-stretched elementor-section-height-default elementor-section-items-middle\" data-id=\"a2efb87\" data-element_type=\"section\" data-e-type=\"section\" data-settings=\"{&quot;background_background&quot;:&quot;classic&quot;,&quot;stretch_section&quot;:&quot;section-stretched&quot;}\">\n\t\t\t\t\t\t\t<div class=\"elementor-background-overlay\"><\/div>\n\t\t\t\t\t\t\t<div class=\"elementor-container elementor-column-gap-default\">\n\t\t\t\t\t<div class=\"elementor-column elementor-col-50 elementor-top-column elementor-element elementor-element-caa2916 animated-slow elementor-invisible\" data-id=\"caa2916\" data-element_type=\"column\" data-e-type=\"column\" data-settings=\"{&quot;background_background&quot;:&quot;classic&quot;,&quot;animation&quot;:&quot;fadeInUp&quot;}\">\n\t\t\t<div class=\"elementor-widget-wrap elementor-element-populated\">\n\t\t\t\t\t<div class=\"elementor-background-overlay\"><\/div>\n\t\t\t\t\t\t<div class=\"elementor-element elementor-element-db8a336 elementor-widget-mobile__width-initial elementor-widget elementor-widget-spacer\" data-id=\"db8a336\" data-element_type=\"widget\" data-e-type=\"widget\" data-widget_type=\"spacer.default\">\n\t\t\t\t<div class=\"elementor-widget-container\">\n\t\t\t\t\t\t\t<div class=\"elementor-spacer\">\n\t\t\t<div class=\"elementor-spacer-inner\"><\/div>\n\t\t<\/div>\n\t\t\t\t\t\t<\/div>\n\t\t\t\t<\/div>\n\t\t\t\t\t<\/div>\n\t\t<\/div>\n\t\t\t\t<div class=\"elementor-column elementor-col-50 elementor-top-column elementor-element elementor-element-4734d6a\" data-id=\"4734d6a\" data-element_type=\"column\" data-e-type=\"column\" data-settings=\"{&quot;background_background&quot;:&quot;classic&quot;}\">\n\t\t\t<div class=\"elementor-widget-wrap elementor-element-populated\">\n\t\t\t\t\t\t<div class=\"elementor-element elementor-element-5f73606 elementor-widget elementor-widget-heading\" data-id=\"5f73606\" data-element_type=\"widget\" data-e-type=\"widget\" data-widget_type=\"heading.default\">\n\t\t\t\t<div class=\"elementor-widget-container\">\n\t\t\t\t\t<h2 class=\"elementor-heading-title elementor-size-default\">VIP<\/h2>\t\t\t\t<\/div>\n\t\t\t\t<\/div>\n\t\t\t\t<div class=\"elementor-element elementor-element-6e0d796 elementor-mobile-align-center elementor-icon-list--layout-traditional elementor-list-item-link-full_width elementor-widget elementor-widget-icon-list\" data-id=\"6e0d796\" data-element_type=\"widget\" data-e-type=\"widget\" data-widget_type=\"icon-list.default\">\n\t\t\t\t<div class=\"elementor-widget-container\">\n\t\t\t\t\t\t\t<ul class=\"elementor-icon-list-items\">\n\t\t\t\t\t\t\t<li class=\"elementor-icon-list-item\">\n\t\t\t\t\t\t\t\t\t\t\t<span class=\"elementor-icon-list-icon\">\n\t\t\t\t\t\t\t<i aria-hidden=\"true\" class=\"jki jki-tick-light\"><\/i>\t\t\t\t\t\t<\/span>\n\t\t\t\t\t\t\t\t\t\t<span class=\"elementor-icon-list-text\">Handtuch<\/span>\n\t\t\t\t\t\t\t\t\t<\/li>\n\t\t\t\t\t\t\t\t<li class=\"elementor-icon-list-item\">\n\t\t\t\t\t\t\t\t\t\t\t<span class=\"elementor-icon-list-icon\">\n\t\t\t\t\t\t\t<i aria-hidden=\"true\" class=\"jki jki-tick-light\"><\/i>\t\t\t\t\t\t<\/span>\n\t\t\t\t\t\t\t\t\t\t<span class=\"elementor-icon-list-text\">Panoramablick<\/span>\n\t\t\t\t\t\t\t\t\t<\/li>\n\t\t\t\t\t\t\t\t<li class=\"elementor-icon-list-item\">\n\t\t\t\t\t\t\t\t\t\t\t<span class=\"elementor-icon-list-icon\">\n\t\t\t\t\t\t\t<i aria-hidden=\"true\" class=\"jki jki-tick-light\"><\/i>\t\t\t\t\t\t<\/span>\n\t\t\t\t\t\t\t\t\t\t<span class=\"elementor-icon-list-text\">Absolute Exklusivit\u00e4t<\/span>\n\t\t\t\t\t\t\t\t\t<\/li>\n\t\t\t\t\t\t\t\t<li class=\"elementor-icon-list-item\">\n\t\t\t\t\t\t\t\t\t\t\t<span class=\"elementor-icon-list-icon\">\n\t\t\t\t\t\t\t<i aria-hidden=\"true\" class=\"jki jki-tick-light\"><\/i>\t\t\t\t\t\t<\/span>\n\t\t\t\t\t\t\t\t\t\t<span class=\"elementor-icon-list-text\">Pers\u00f6nlicher Service<\/span>\n\t\t\t\t\t\t\t\t\t<\/li>\n\t\t\t\t\t\t\t\t<li class=\"elementor-icon-list-item\">\n\t\t\t\t\t\t\t\t\t\t\t<span class=\"elementor-icon-list-icon\">\n\t\t\t\t\t\t\t<i aria-hidden=\"true\" class=\"jki jki-tick-light\"><\/i>\t\t\t\t\t\t<\/span>\n\t\t\t\t\t\t\t\t\t\t<span class=\"elementor-icon-list-text\">Privates Spektakel<\/span>\n\t\t\t\t\t\t\t\t\t<\/li>\n\t\t\t\t\t\t\t\t<li class=\"elementor-icon-list-item\">\n\t\t\t\t\t\t\t\t\t\t\t<span class=\"elementor-icon-list-icon\">\n\t\t\t\t\t\t\t<i aria-hidden=\"true\" class=\"jki jki-tick-light\"><\/i>\t\t\t\t\t\t<\/span>\n\t\t\t\t\t\t\t\t\t\t<span class=\"elementor-icon-list-text\">Concierge-Service<\/span>\n\t\t\t\t\t\t\t\t\t<\/li>\n\t\t\t\t\t\t\t\t<li class=\"elementor-icon-list-item\">\n\t\t\t\t\t\t\t\t\t\t\t<span class=\"elementor-icon-list-icon\">\n\t\t\t\t\t\t\t<i aria-hidden=\"true\" class=\"jki jki-tick-light\"><\/i>\t\t\t\t\t\t<\/span>\n\t\t\t\t\t\t\t\t\t\t<span class=\"elementor-icon-list-text\">Aqua-Pouf<\/span>\n\t\t\t\t\t\t\t\t\t<\/li>\n\t\t\t\t\t\t<\/ul>\n\t\t\t\t\t\t<\/div>\n\t\t\t\t<\/div>\n\t\t\t\t<div class=\"elementor-element elementor-element-319348e elementor-widget elementor-widget-heading\" data-id=\"319348e\" data-element_type=\"widget\" data-e-type=\"widget\" data-widget_type=\"heading.default\">\n\t\t\t\t<div class=\"elementor-widget-container\">\n\t\t\t\t\t<h6 class=\"elementor-heading-title elementor-size-default\">1000 DH \/ Pro Person<\/h6>\t\t\t\t<\/div>\n\t\t\t\t<\/div>\n\t\t\t\t<div class=\"elementor-element elementor-element-948927e elementor-widget elementor-widget-heading\" data-id=\"948927e\" data-element_type=\"widget\" data-e-type=\"widget\" data-widget_type=\"heading.default\">\n\t\t\t\t<div class=\"elementor-widget-container\">\n\t\t\t\t\t<h6 class=\"elementor-heading-title elementor-size-default\">(Eintrittspreis)<\/h6>\t\t\t\t<\/div>\n\t\t\t\t<\/div>\n\t\t\t\t\t<\/div>\n\t\t<\/div>\n\t\t\t\t\t<\/div>\n\t\t<\/section>\n\t\t<div class=\"elementor-element elementor-element-5a216be6 e-flex e-con-boxed e-con e-parent\" data-id=\"5a216be6\" data-element_type=\"container\" data-e-type=\"container\">\n\t\t\t\t\t<div class=\"e-con-inner\">\n\t\t\t\t<div class=\"elementor-element elementor-element-1baea2af elementor-widget-divider--view-line elementor-widget elementor-widget-divider\" data-id=\"1baea2af\" data-element_type=\"widget\" data-e-type=\"widget\" data-widget_type=\"divider.default\">\n\t\t\t\t<div class=\"elementor-widget-container\">\n\t\t\t\t\t\t\t<div class=\"elementor-divider\">\n\t\t\t<span class=\"elementor-divider-separator\">\n\t\t\t\t\t\t<\/span>\n\t\t<\/div>\n\t\t\t\t\t\t<\/div>\n\t\t\t\t<\/div>\n\t\t\t\t\t<\/div>\n\t\t\t\t<\/div>\n\t\t<div class=\"elementor-element elementor-element-4d43d76 e-flex e-con-boxed e-con e-parent\" data-id=\"4d43d76\" data-element_type=\"container\" data-e-type=\"container\">\n\t\t\t\t\t<div class=\"e-con-inner\">\n\t\t<div class=\"elementor-element elementor-element-9353bd6 e-con-full e-flex e-con e-child\" data-id=\"9353bd6\" data-element_type=\"container\" data-e-type=\"container\">\n\t\t\t\t<div class=\"elementor-element elementor-element-c732243 elementor-widget-mobile__width-initial elementor-widget elementor-widget-heading\" data-id=\"c732243\" data-element_type=\"widget\" data-e-type=\"widget\" data-widget_type=\"heading.default\">\n\t\t\t\t<div class=\"elementor-widget-container\">\n\t\t\t\t\t<h2 class=\"elementor-heading-title elementor-size-default\"><a href=\"https:\/\/\/de\/booking\/\">Buchen Sie jetzt Ihre perfekte Entspannungsliege!<\/a><\/h2>\t\t\t\t<\/div>\n\t\t\t\t<\/div>\n\t\t\t\t<\/div>\n\t\t<div class=\"elementor-element elementor-element-806601a e-con-full e-flex e-con e-child\" data-id=\"806601a\" data-element_type=\"container\" data-e-type=\"container\">\n\t\t\t\t<div class=\"elementor-element elementor-element-aae2d1d elementor-align-justify elementor-widget__width-auto elementor-mobile-align-center elementor-widget elementor-widget-button\" data-id=\"aae2d1d\" data-element_type=\"widget\" data-e-type=\"widget\" data-widget_type=\"button.default\">\n\t\t\t\t<div class=\"elementor-widget-container\">\n\t\t\t\t\t\t\t\t\t<div class=\"elementor-button-wrapper\">\n\t\t\t\t\t<a class=\"elementor-button elementor-button-link elementor-size-sm\" href=\"https:\/\/\/de\/booking\/\">\n\t\t\t\t\t\t<span class=\"elementor-button-content-wrapper\">\n\t\t\t\t\t\t<span class=\"elementor-button-icon\">\n\t\t\t\t<svg aria-hidden=\"true\" class=\"e-font-icon-svg e-far-clipboard\" viewbox=\"0 0 384 512\" xmlns=\"http:\/\/www.w3.org\/2000\/svg\"><path d=\"M336 64h-80c0-35.3-28.7-64-64-64s-64 28.7-64 64H48C21.5 64 0 85.5 0 112v352c0 26.5 21.5 48 48 48h288c26.5 0 48-21.5 48-48V112c0-26.5-21.5-48-48-48zM192 40c13.3 0 24 10.7 24 24s-10.7 24-24 24-24-10.7-24-24 10.7-24 24-24zm144 418c0 3.3-2.7 6-6 6H54c-3.3 0-6-2.7-6-6V118c0-3.3 2.7-6 6-6h42v36c0 6.6 5.4 12 12 12h168c6.6 0 12-5.4 12-12v-36h42c3.3 0 6 2.7 6 6z\"><\/path><\/svg>\t\t\t<\/span>\n\t\t\t\t\t\t\t\t\t<span class=\"elementor-button-text\">RESERVIEREN SIE<\/span>\n\t\t\t\t\t<\/span>\n\t\t\t\t\t<\/a>\n\t\t\t\t<\/div>\n\t\t\t\t\t\t\t\t<\/div>\n\t\t\t\t<\/div>\n\t\t\t\t<\/div>\n\t\t\t\t\t<\/div>\n\t\t\t\t<\/div>\n\t\t<div class=\"elementor-element elementor-element-a5c6b16 e-flex e-con-boxed e-con e-parent\" data-id=\"a5c6b16\" data-element_type=\"container\" data-e-type=\"container\">\n\t\t\t\t\t<div class=\"e-con-inner\">\n\t\t<div class=\"elementor-element elementor-element-4245c48 e-con-full e-flex e-con e-child\" data-id=\"4245c48\" data-element_type=\"container\" data-e-type=\"container\">\n\t\t\t\t<div class=\"elementor-element elementor-element-c110804 elementor-widget elementor-widget-text-editor\" data-id=\"c110804\" data-element_type=\"widget\" data-e-type=\"widget\" data-widget_type=\"text-editor.default\">\n\t\t\t\t<div class=\"elementor-widget-container\">\n\t\t\t\t\t\t\t\t\t<div class=\"sc-kLnunm jmHNqV\"><div><p><strong>Eingang :<\/strong><\/p><\/div><div>Ein au\u00dfergew\u00f6hnliches Pool-Erlebnis. Mit einem weichen Handtuch in Reichweite genie\u00dfen Sie von Ihrem privilegierten Standort aus einen atemberaubenden Blick auf den Pool. Genie\u00dfen Sie exklusiven Zugang und \u00fcberlegenen Komfort, um sich vollkommen zu entspannen. Tauchen Sie in eine lebhafte Atmosph\u00e4re ein, w\u00e4hrend Sie einen erstklassigen Concierge-Service erhalten. Dar\u00fcber hinaus wird unser Wasserpouf Ihrem sonnigen Tag einen Hauch von Spa\u00df und Komfort verleihen. Erleben Sie den Luxus und die Ruhe in vollen Z\u00fcgen.<\/div><div>\u00a0<\/div><\/div><div class=\"sc-kLnunm jmHNqV\"><div class=\"sc-kLnunm jpfFPt\"><p><strong>Reservierungspolitik:<\/strong><\/p><p>Arena werden nach dem Prinzip \"Wer zuerst kommt, mahlt zuerst\" vergeben.<\/p><p>Reservierungen sind bis 14 Uhr m\u00f6glich. G\u00e4ste ohne Reservierung sind je nach Verf\u00fcgbarkeit auch nach dieser Zeit willkommen.<\/p><p><strong>Stundenplan:<\/strong><\/p><p>Jeden Tag, 12pm - 20pm<\/p><p><strong>Preisgestaltung:<\/strong><\/p><p class=\"p1\">Bitte beachten Sie, dass jede Buchung mit einem Eintrittspreis verbunden ist. Danach k\u00f6nnen Sie Ihren Standort nach Ihrem Mindestverzehr w\u00e4hlen.<\/p><p class=\"p1\">Eine Liste mit den Mindestverzehrmengen ist vor Ort erh\u00e4ltlich.<\/p><p class=\"p1\">Mit dem Mindestverzehr in den Zonen 1 und 4 erhalten Sie jedoch Zugang zur gesamten Karte, die sowohl Speisen als auch Getr\u00e4nke umfasst.<\/p><p><strong>Dresscode:<\/strong><\/p><p>Schickes Outfit f\u00fcr den Strand. Badeanz\u00fcge und Strandkleidung sind sehr empfehlenswert.<\/p><p>Burkini ist erlaubt<\/p><\/div><\/div>\t\t\t\t\t\t\t\t<\/div>\n\t\t\t\t<\/div>\n\t\t\t\t<\/div>\n\t\t<div class=\"elementor-element elementor-element-4d81d99 e-con-full e-flex e-con e-child\" data-id=\"4d81d99\" data-element_type=\"container\" data-e-type=\"container\">\n\t\t\t\t<div class=\"elementor-element elementor-element-e7bfdcd elementor-widget elementor-widget-text-editor\" data-id=\"e7bfdcd\" data-element_type=\"widget\" data-e-type=\"widget\" data-widget_type=\"text-editor.default\">\n\t\t\t\t<div class=\"elementor-widget-container\">\n\t\t\t\t\t\t\t\t\t<div class=\"sc-czvZiG izGNyz\"><div class=\"sc-eSxRXt cHvrCi venue-details\"><div class=\"sc-aaqME glWLdj\"><div class=\"sc-kLnunm jmHNqV\"><p><strong>Standort und Gebiet:<\/strong><\/p><\/div><div class=\"sc-kLnunm jmHNqV\"><div class=\"sc-kLnunm jpfFPt\"><div class=\"sc-kLnunm jpfFPt\"><p>Befinden sich innerhalb des Pools und sind in verschiedenen Bereichen mit unterschiedlichen Preisen erh\u00e4ltlich. <strong>( ZONE 1 )<\/strong><\/p><\/div><\/div><\/div><\/div><\/div><\/div>\t\t\t\t\t\t\t\t<\/div>\n\t\t\t\t<\/div>\n\t\t\t\t<div class=\"elementor-element elementor-element-3c6e6f2 elementor-widget-divider--view-line elementor-widget elementor-widget-divider\" data-id=\"3c6e6f2\" data-element_type=\"widget\" data-e-type=\"widget\" data-widget_type=\"divider.default\">\n\t\t\t\t<div class=\"elementor-widget-container\">\n\t\t\t\t\t\t\t<div class=\"elementor-divider\">\n\t\t\t<span class=\"elementor-divider-separator\">\n\t\t\t\t\t\t<\/span>\n\t\t<\/div>\n\t\t\t\t\t\t<\/div>\n\t\t\t\t<\/div>\n\t\t\t\t<div class=\"elementor-element elementor-element-88e568a e-grid-align-left e-grid-align-mobile-center elementor-shape-rounded elementor-grid-0 elementor-widget elementor-widget-social-icons\" data-id=\"88e568a\" data-element_type=\"widget\" data-e-type=\"widget\" data-widget_type=\"social-icons.default\">\n\t\t\t\t<div class=\"elementor-widget-container\">\n\t\t\t\t\t\t\t<div class=\"elementor-social-icons-wrapper elementor-grid\" role=\"list\">\n\t\t\t\t\t\t\t<span class=\"elementor-grid-item\" role=\"listitem\">\n\t\t\t\t\t<a class=\"elementor-icon elementor-social-icon elementor-social-icon-jki-phone-light elementor-repeater-item-9ddc6e2\" href=\"tel:+212600283407\" target=\"_blank\">\n\t\t\t\t\t\t<span class=\"elementor-screen-only\">Jki-phone-light<\/span>\n\t\t\t\t\t\t<i aria-hidden=\"true\" class=\"jki jki-phone-light\"><\/i>\t\t\t\t\t<\/a>\n\t\t\t\t<\/span>\n\t\t\t\t\t\t\t<span class=\"elementor-grid-item\" role=\"listitem\">\n\t\t\t\t\t<a class=\"elementor-icon elementor-social-icon elementor-social-icon-jki-envelope1-light elementor-repeater-item-8e34ccc\" href=\"mailto:snob.beach.booking@gmail.com\" target=\"_blank\">\n\t\t\t\t\t\t<span class=\"elementor-screen-only\">Jki-envelope1-light<\/span>\n\t\t\t\t\t\t<i aria-hidden=\"true\" class=\"jki jki-envelope1-light\"><\/i>\t\t\t\t\t<\/a>\n\t\t\t\t<\/span>\n\t\t\t\t\t<\/div>\n\t\t\t\t\t\t<\/div>\n\t\t\t\t<\/div>\n\t\t\t\t<div class=\"elementor-element elementor-element-9eec825 elementor-widget elementor-widget-image\" data-id=\"9eec825\" data-element_type=\"widget\" data-e-type=\"widget\" data-widget_type=\"image.default\">\n\t\t\t\t<div class=\"elementor-widget-container\">\n\t\t\t\t\t\t\t\t\t\t\t\t\t\t\t<img fetchpriority=\"high\" decoding=\"async\" width=\"1966\" height=\"2544\" src=\"https:\/\/snob-beach.com\/wp-content\/uploads\/2024\/05\/plan-snob-beach-1.jpg\" class=\"attachment-full size-full wp-image-4569\" alt=\"\" srcset=\"https:\/\/snob-beach.com\/wp-content\/uploads\/2024\/05\/plan-snob-beach-1.jpg 1966w, https:\/\/snob-beach.com\/wp-content\/uploads\/2024\/05\/plan-snob-beach-1-232x300.jpg 232w, https:\/\/snob-beach.com\/wp-content\/uploads\/2024\/05\/plan-snob-beach-1-791x1024.jpg 791w, https:\/\/snob-beach.com\/wp-content\/uploads\/2024\/05\/plan-snob-beach-1-768x994.jpg 768w, https:\/\/snob-beach.com\/wp-content\/uploads\/2024\/05\/plan-snob-beach-1-1187x1536.jpg 1187w, https:\/\/snob-beach.com\/wp-content\/uploads\/2024\/05\/plan-snob-beach-1-1583x2048.jpg 1583w\" sizes=\"(max-width: 1966px) 100vw, 1966px\" \/>\t\t\t\t\t\t\t\t\t\t\t\t\t\t\t<\/div>\n\t\t\t\t<\/div>\n\t\t\t\t<\/div>\n\t\t\t\t\t<\/div>\n\t\t\t\t<\/div>\n\t\t<div class=\"elementor-element elementor-element-4268cda e-flex e-con-boxed e-con e-parent\" data-id=\"4268cda\" data-element_type=\"container\" data-e-type=\"container\">\n\t\t\t\t\t<div class=\"e-con-inner\">\n\t\t\t\t<div class=\"elementor-element elementor-element-50549469 elementor-widget-divider--view-line elementor-widget elementor-widget-divider\" data-id=\"50549469\" data-element_type=\"widget\" data-e-type=\"widget\" data-widget_type=\"divider.default\">\n\t\t\t\t<div class=\"elementor-widget-container\">\n\t\t\t\t\t\t\t<div class=\"elementor-divider\">\n\t\t\t<span class=\"elementor-divider-separator\">\n\t\t\t\t\t\t<\/span>\n\t\t<\/div>\n\t\t\t\t\t\t<\/div>\n\t\t\t\t<\/div>\n\t\t\t\t<div class=\"elementor-element elementor-element-5daaf17 elementor-widget elementor-widget-text-editor\" data-id=\"5daaf17\" data-element_type=\"widget\" data-e-type=\"widget\" data-widget_type=\"text-editor.default\">\n\t\t\t\t<div class=\"elementor-widget-container\">\n\t\t\t\t\t\t\t\t\t<div class=\"sc-bOtlzW jjAhNb\" style=\"text-align: center;\"><div class=\"sc-bOtlzW jjAhNb\" style=\"text-align: center;\"><div class=\"sc-bOtlzW jjAhNb\" style=\"text-align: center;\"><div class=\"sc-bOtlzW jjAhNb\" style=\"text-align: center;\"><p>Hier sind einige Vorteile f\u00fcr VIP-Liegen in einem privaten Bereich mit privatem Service :<\/p><ol><li><p><strong>Absolute Exklusivit\u00e4t :<\/strong> Zugang zu einem Bereich, der ausschlie\u00dflich VIP-G\u00e4sten vorbehalten ist und absolute Privatsph\u00e4re abseits des Trubels am Hauptpool bietet.<\/p><\/li><li><p><strong>Pers\u00f6nlicher Service :<\/strong> Ein eigener Concierge-Service f\u00fcr VIP-Kunden, der f\u00fcr individuelle W\u00fcnsche zur Verf\u00fcgung steht, von Erfrischungen bis hin zur Buchung von Zusatzleistungen.<\/p><\/li><li><p><strong>Superior Komfort :<\/strong> Luxuri\u00f6se Liegest\u00fchle mit dicken Kissen und hochwertigen Materialien bieten ultimativen Komfort f\u00fcr totale Entspannung.<\/p><\/li><li><p><strong>Private Einrichtungen :<\/strong> Zugang zu exklusiven Einrichtungen wie privaten H\u00fctten, Jacuzzis oder privaten Duschen, die ein luxuri\u00f6ses und pers\u00f6nliches Erlebnis bieten.<\/p><\/li><li><p><strong>Panoramablick :<\/strong> Privilegierte Lage mit atemberaubendem Blick auf den Pool und die Umgebung, sodass VIP-G\u00e4ste ihre Umgebung in aller Ruhe genie\u00dfen k\u00f6nnen.<\/p><\/li><\/ol><\/div><\/div><\/div><\/div>\t\t\t\t\t\t\t\t<\/div>\n\t\t\t\t<\/div>\n\t\t\t\t<div class=\"elementor-element elementor-element-fd1b132 elementor-widget elementor-widget-text-editor\" data-id=\"fd1b132\" data-element_type=\"widget\" data-e-type=\"widget\" data-widget_type=\"text-editor.default\">\n\t\t\t\t<div class=\"elementor-widget-container\">\n\t\t\t\t\t\t\t\t\t<div class=\"sc-bOtlzW jjAhNb\" style=\"text-align: center;\"><div class=\"sc-bOtlzW jjAhNb\" style=\"text-align: center;\"><div class=\"sc-bOtlzW jjAhNb\" style=\"text-align: center;\"><div class=\"sc-bOtlzW jjAhNb\" style=\"text-align: center;\"><strong>VIP<\/strong><\/div><div class=\"sc-bOtlzW jDXaTJ\" style=\"text-align: center;\">unter<\/div><div class=\"sc-bOtlzW jjAhNb\" style=\"text-align: center;\"><strong>Snob Beach Marrakesch<\/strong><\/div><div class=\"sc-bOtlzW jDXaTJ\" style=\"text-align: center;\">10KM Stra\u00dfe von Ourika, Marrakesch<\/div><\/div><\/div><\/div>\t\t\t\t\t\t\t\t<\/div>\n\t\t\t\t<\/div>\n\t\t\t\t<div class=\"elementor-element elementor-element-3d25ae04 elementor-widget-divider--view-line elementor-widget elementor-widget-divider\" data-id=\"3d25ae04\" data-element_type=\"widget\" data-e-type=\"widget\" data-widget_type=\"divider.default\">\n\t\t\t\t<div class=\"elementor-widget-container\">\n\t\t\t\t\t\t\t<div class=\"elementor-divider\">\n\t\t\t<span class=\"elementor-divider-separator\">\n\t\t\t\t\t\t<\/span>\n\t\t<\/div>\n\t\t\t\t\t\t<\/div>\n\t\t\t\t<\/div>\n\t\t\t\t\t<\/div>\n\t\t\t\t<\/div>\n\t\t\t\t<\/div>","protected":false},"excerpt":{"rendered":"<p>VIP Serviette Vue Panoramique Exclusivit\u00e9 Absolue Service Personnalis\u00e9 Spectacle Priv\u00e9 Service de Conciergerie Pouf aquatique 1000 DH \/ Par Personne (Prix d&#8217;entr\u00e9e) R\u00e9servez d\u00e8s maintenant votre transat de d\u00e9tente parfaite! [&hellip;]<\/p>\n","protected":false},"author":1,"featured_media":0,"parent":0,"menu_order":0,"comment_status":"closed","ping_status":"closed","template":"elementor_canvas","meta":{"footnotes":""},"class_list":["post-3200","page","type-page","status-publish","hentry"],"aioseo_notices":[],"_links":{"self":[{"href":"https:\/\/snob-beach.com\/de\/wp-json\/wp\/v2\/pages\/3200","targetHints":{"allow":["GET"]}}],"collection":[{"href":"https:\/\/snob-beach.com\/de\/wp-json\/wp\/v2\/pages"}],"about":[{"href":"https:\/\/snob-beach.com\/de\/wp-json\/wp\/v2\/types\/page"}],"author":[{"embeddable":true,"href":"https:\/\/snob-beach.com\/de\/wp-json\/wp\/v2\/users\/1"}],"replies":[{"embeddable":true,"href":"https:\/\/snob-beach.com\/de\/wp-json\/wp\/v2\/comments?post=3200"}],"version-history":[{"count":0,"href":"https:\/\/snob-beach.com\/de\/wp-json\/wp\/v2\/pages\/3200\/revisions"}],"wp:attachment":[{"href":"https:\/\/snob-beach.com\/de\/wp-json\/wp\/v2\/media?parent=3200"}],"curies":[{"name":"wp","href":"https:\/\/api.w.org\/{rel}","templated":true}]}}