{"id":3200,"date":"2024-05-04T12:12:10","date_gmt":"2024-05-04T12:12:10","guid":{"rendered":"https:\/?page_id=3200"},"modified":"2024-06-06T19:06:31","modified_gmt":"2024-06-06T19:06:31","slug":"vip","status":"publish","type":"page","link":"https:\/\/snob-beach.com\/zh\/vip\/","title":{"rendered":"LA ZONE"},"content":{"rendered":"<div data-elementor-type=\"wp-page\" data-elementor-id=\"3200\" class=\"elementor elementor-3200\" data-elementor-post-type=\"page\">\n\t\t\t\t\t\t<section class=\"elementor-section elementor-top-section elementor-element elementor-element-1923ae99 elementor-section-height-min-height elementor-hidden-tablet elementor-hidden-mobile elementor-section-boxed elementor-section-height-default elementor-section-items-middle\" data-id=\"1923ae99\" data-element_type=\"section\" data-e-type=\"section\" data-settings=\"{&quot;background_background&quot;:&quot;classic&quot;}\">\n\t\t\t\t\t\t\t<div class=\"elementor-background-overlay\"><\/div>\n\t\t\t\t\t\t\t<div class=\"elementor-container elementor-column-gap-default\">\n\t\t\t\t\t<div class=\"elementor-column elementor-col-100 elementor-top-column elementor-element elementor-element-6c685bbc\" data-id=\"6c685bbc\" data-element_type=\"column\" data-e-type=\"column\">\n\t\t\t<div class=\"elementor-widget-wrap\">\n\t\t\t\t\t\t\t<\/div>\n\t\t<\/div>\n\t\t\t\t\t<\/div>\n\t\t<\/section>\n\t\t\t\t<section class=\"elementor-section elementor-top-section elementor-element elementor-element-a2efb87 elementor-section-height-min-height elementor-section-full_width elementor-section-stretched elementor-section-height-default elementor-section-items-middle\" data-id=\"a2efb87\" data-element_type=\"section\" data-e-type=\"section\" data-settings=\"{&quot;background_background&quot;:&quot;classic&quot;,&quot;stretch_section&quot;:&quot;section-stretched&quot;}\">\n\t\t\t\t\t\t\t<div class=\"elementor-background-overlay\"><\/div>\n\t\t\t\t\t\t\t<div class=\"elementor-container elementor-column-gap-default\">\n\t\t\t\t\t<div class=\"elementor-column elementor-col-50 elementor-top-column elementor-element elementor-element-caa2916 animated-slow elementor-invisible\" data-id=\"caa2916\" data-element_type=\"column\" data-e-type=\"column\" data-settings=\"{&quot;background_background&quot;:&quot;classic&quot;,&quot;animation&quot;:&quot;fadeInUp&quot;}\">\n\t\t\t<div class=\"elementor-widget-wrap elementor-element-populated\">\n\t\t\t\t\t<div class=\"elementor-background-overlay\"><\/div>\n\t\t\t\t\t\t<div class=\"elementor-element elementor-element-db8a336 elementor-widget-mobile__width-initial elementor-widget elementor-widget-spacer\" data-id=\"db8a336\" data-element_type=\"widget\" data-e-type=\"widget\" data-widget_type=\"spacer.default\">\n\t\t\t\t<div class=\"elementor-widget-container\">\n\t\t\t\t\t\t\t<div class=\"elementor-spacer\">\n\t\t\t<div class=\"elementor-spacer-inner\"><\/div>\n\t\t<\/div>\n\t\t\t\t\t\t<\/div>\n\t\t\t\t<\/div>\n\t\t\t\t\t<\/div>\n\t\t<\/div>\n\t\t\t\t<div class=\"elementor-column elementor-col-50 elementor-top-column elementor-element elementor-element-4734d6a\" data-id=\"4734d6a\" data-element_type=\"column\" data-e-type=\"column\" data-settings=\"{&quot;background_background&quot;:&quot;classic&quot;}\">\n\t\t\t<div class=\"elementor-widget-wrap elementor-element-populated\">\n\t\t\t\t\t\t<div class=\"elementor-element elementor-element-5f73606 elementor-widget elementor-widget-heading\" data-id=\"5f73606\" data-element_type=\"widget\" data-e-type=\"widget\" data-widget_type=\"heading.default\">\n\t\t\t\t<div class=\"elementor-widget-container\">\n\t\t\t\t\t<h2 class=\"elementor-heading-title elementor-size-default\">\u8d35\u5bbe<\/h2>\t\t\t\t<\/div>\n\t\t\t\t<\/div>\n\t\t\t\t<div class=\"elementor-element elementor-element-6e0d796 elementor-mobile-align-center elementor-icon-list--layout-traditional elementor-list-item-link-full_width elementor-widget elementor-widget-icon-list\" data-id=\"6e0d796\" data-element_type=\"widget\" data-e-type=\"widget\" data-widget_type=\"icon-list.default\">\n\t\t\t\t<div class=\"elementor-widget-container\">\n\t\t\t\t\t\t\t<ul class=\"elementor-icon-list-items\">\n\t\t\t\t\t\t\t<li class=\"elementor-icon-list-item\">\n\t\t\t\t\t\t\t\t\t\t\t<span class=\"elementor-icon-list-icon\">\n\t\t\t\t\t\t\t<i aria-hidden=\"true\" class=\"jki jki-tick-light\"><\/i>\t\t\t\t\t\t<\/span>\n\t\t\t\t\t\t\t\t\t\t<span class=\"elementor-icon-list-text\">\u6bdb\u5dfe<\/span>\n\t\t\t\t\t\t\t\t\t<\/li>\n\t\t\t\t\t\t\t\t<li class=\"elementor-icon-list-item\">\n\t\t\t\t\t\t\t\t\t\t\t<span class=\"elementor-icon-list-icon\">\n\t\t\t\t\t\t\t<i aria-hidden=\"true\" class=\"jki jki-tick-light\"><\/i>\t\t\t\t\t\t<\/span>\n\t\t\t\t\t\t\t\t\t\t<span class=\"elementor-icon-list-text\">\u5168\u666f<\/span>\n\t\t\t\t\t\t\t\t\t<\/li>\n\t\t\t\t\t\t\t\t<li class=\"elementor-icon-list-item\">\n\t\t\t\t\t\t\t\t\t\t\t<span class=\"elementor-icon-list-icon\">\n\t\t\t\t\t\t\t<i aria-hidden=\"true\" class=\"jki jki-tick-light\"><\/i>\t\t\t\t\t\t<\/span>\n\t\t\t\t\t\t\t\t\t\t<span class=\"elementor-icon-list-text\">\u7edd\u5bf9\u72ec\u5bb6<\/span>\n\t\t\t\t\t\t\t\t\t<\/li>\n\t\t\t\t\t\t\t\t<li class=\"elementor-icon-list-item\">\n\t\t\t\t\t\t\t\t\t\t\t<span class=\"elementor-icon-list-icon\">\n\t\t\t\t\t\t\t<i aria-hidden=\"true\" class=\"jki jki-tick-light\"><\/i>\t\t\t\t\t\t<\/span>\n\t\t\t\t\t\t\t\t\t\t<span class=\"elementor-icon-list-text\">\u5b9a\u5236\u670d\u52a1<\/span>\n\t\t\t\t\t\t\t\t\t<\/li>\n\t\t\t\t\t\t\t\t<li class=\"elementor-icon-list-item\">\n\t\t\t\t\t\t\t\t\t\t\t<span class=\"elementor-icon-list-icon\">\n\t\t\t\t\t\t\t<i aria-hidden=\"true\" class=\"jki jki-tick-light\"><\/i>\t\t\t\t\t\t<\/span>\n\t\t\t\t\t\t\t\t\t\t<span class=\"elementor-icon-list-text\">\u79c1\u4eba\u8868\u6f14<\/span>\n\t\t\t\t\t\t\t\t\t<\/li>\n\t\t\t\t\t\t\t\t<li class=\"elementor-icon-list-item\">\n\t\t\t\t\t\t\t\t\t\t\t<span class=\"elementor-icon-list-icon\">\n\t\t\t\t\t\t\t<i aria-hidden=\"true\" class=\"jki jki-tick-light\"><\/i>\t\t\t\t\t\t<\/span>\n\t\t\t\t\t\t\t\t\t\t<span class=\"elementor-icon-list-text\">\u793c\u5bbe\u670d\u52a1<\/span>\n\t\t\t\t\t\t\t\t\t<\/li>\n\t\t\t\t\t\t\t\t<li class=\"elementor-icon-list-item\">\n\t\t\t\t\t\t\t\t\t\t\t<span class=\"elementor-icon-list-icon\">\n\t\t\t\t\t\t\t<i aria-hidden=\"true\" class=\"jki jki-tick-light\"><\/i>\t\t\t\t\t\t<\/span>\n\t\t\t\t\t\t\t\t\t\t<span class=\"elementor-icon-list-text\">\u6c34\u58f6<\/span>\n\t\t\t\t\t\t\t\t\t<\/li>\n\t\t\t\t\t\t<\/ul>\n\t\t\t\t\t\t<\/div>\n\t\t\t\t<\/div>\n\t\t\t\t<div class=\"elementor-element elementor-element-319348e elementor-widget elementor-widget-heading\" data-id=\"319348e\" data-element_type=\"widget\" data-e-type=\"widget\" data-widget_type=\"heading.default\">\n\t\t\t\t<div class=\"elementor-widget-container\">\n\t\t\t\t\t<h6 class=\"elementor-heading-title elementor-size-default\">1000 \u8fea\u62c9\u59c6\/\u6bcf\u4eba<\/h6>\t\t\t\t<\/div>\n\t\t\t\t<\/div>\n\t\t\t\t<div class=\"elementor-element elementor-element-948927e elementor-widget elementor-widget-heading\" data-id=\"948927e\" data-element_type=\"widget\" data-e-type=\"widget\" data-widget_type=\"heading.default\">\n\t\t\t\t<div class=\"elementor-widget-container\">\n\t\t\t\t\t<h6 class=\"elementor-heading-title elementor-size-default\">\u95e8\u7968<\/h6>\t\t\t\t<\/div>\n\t\t\t\t<\/div>\n\t\t\t\t\t<\/div>\n\t\t<\/div>\n\t\t\t\t\t<\/div>\n\t\t<\/section>\n\t\t<div class=\"elementor-element elementor-element-5a216be6 e-flex e-con-boxed e-con e-parent\" data-id=\"5a216be6\" data-element_type=\"container\" data-e-type=\"container\">\n\t\t\t\t\t<div class=\"e-con-inner\">\n\t\t\t\t<div class=\"elementor-element elementor-element-1baea2af elementor-widget-divider--view-line elementor-widget elementor-widget-divider\" data-id=\"1baea2af\" data-element_type=\"widget\" data-e-type=\"widget\" data-widget_type=\"divider.default\">\n\t\t\t\t<div class=\"elementor-widget-container\">\n\t\t\t\t\t\t\t<div class=\"elementor-divider\">\n\t\t\t<span class=\"elementor-divider-separator\">\n\t\t\t\t\t\t<\/span>\n\t\t<\/div>\n\t\t\t\t\t\t<\/div>\n\t\t\t\t<\/div>\n\t\t\t\t\t<\/div>\n\t\t\t\t<\/div>\n\t\t<div class=\"elementor-element elementor-element-4d43d76 e-flex e-con-boxed e-con e-parent\" data-id=\"4d43d76\" data-element_type=\"container\" data-e-type=\"container\">\n\t\t\t\t\t<div class=\"e-con-inner\">\n\t\t<div class=\"elementor-element elementor-element-9353bd6 e-con-full e-flex e-con e-child\" data-id=\"9353bd6\" data-element_type=\"container\" data-e-type=\"container\">\n\t\t\t\t<div class=\"elementor-element elementor-element-c732243 elementor-widget-mobile__width-initial elementor-widget elementor-widget-heading\" data-id=\"c732243\" data-element_type=\"widget\" data-e-type=\"widget\" data-widget_type=\"heading.default\">\n\t\t\t\t<div class=\"elementor-widget-container\">\n\t\t\t\t\t<h2 class=\"elementor-heading-title elementor-size-default\"><a href=\"https:\/\/\/zh\/booking\/\">\u73b0\u5728\u5c31\u9884\u8ba2\u60a8\u7684\u5b8c\u7f8e\u4f11\u95f2\u8eba\u6905\uff01<\/a><\/h2>\t\t\t\t<\/div>\n\t\t\t\t<\/div>\n\t\t\t\t<\/div>\n\t\t<div class=\"elementor-element elementor-element-806601a e-con-full e-flex e-con e-child\" data-id=\"806601a\" data-element_type=\"container\" data-e-type=\"container\">\n\t\t\t\t<div class=\"elementor-element elementor-element-aae2d1d elementor-align-justify elementor-widget__width-auto elementor-mobile-align-center elementor-widget elementor-widget-button\" data-id=\"aae2d1d\" data-element_type=\"widget\" data-e-type=\"widget\" data-widget_type=\"button.default\">\n\t\t\t\t<div class=\"elementor-widget-container\">\n\t\t\t\t\t\t\t\t\t<div class=\"elementor-button-wrapper\">\n\t\t\t\t\t<a class=\"elementor-button elementor-button-link elementor-size-sm\" href=\"https:\/\/\/zh\/booking\/\">\n\t\t\t\t\t\t<span class=\"elementor-button-content-wrapper\">\n\t\t\t\t\t\t<span class=\"elementor-button-icon\">\n\t\t\t\t<svg aria-hidden=\"true\" class=\"e-font-icon-svg e-far-clipboard\" viewbox=\"0 0 384 512\" xmlns=\"http:\/\/www.w3.org\/2000\/svg\"><path d=\"M336 64h-80c0-35.3-28.7-64-64-64s-64 28.7-64 64H48C21.5 64 0 85.5 0 112v352c0 26.5 21.5 48 48 48h288c26.5 0 48-21.5 48-48V112c0-26.5-21.5-48-48-48zM192 40c13.3 0 24 10.7 24 24s-10.7 24-24 24-24-10.7-24-24 10.7-24 24-24zm144 418c0 3.3-2.7 6-6 6H54c-3.3 0-6-2.7-6-6V118c0-3.3 2.7-6 6-6h42v36c0 6.6 5.4 12 12 12h168c6.6 0 12-5.4 12-12v-36h42c3.3 0 6 2.7 6 6z\"><\/path><\/svg>\t\t\t<\/span>\n\t\t\t\t\t\t\t\t\t<span class=\"elementor-button-text\">\u7acb\u5373\u9884\u8ba2<\/span>\n\t\t\t\t\t<\/span>\n\t\t\t\t\t<\/a>\n\t\t\t\t<\/div>\n\t\t\t\t\t\t\t\t<\/div>\n\t\t\t\t<\/div>\n\t\t\t\t<\/div>\n\t\t\t\t\t<\/div>\n\t\t\t\t<\/div>\n\t\t<div class=\"elementor-element elementor-element-a5c6b16 e-flex e-con-boxed e-con e-parent\" data-id=\"a5c6b16\" data-element_type=\"container\" data-e-type=\"container\">\n\t\t\t\t\t<div class=\"e-con-inner\">\n\t\t<div class=\"elementor-element elementor-element-4245c48 e-con-full e-flex e-con e-child\" data-id=\"4245c48\" data-element_type=\"container\" data-e-type=\"container\">\n\t\t\t\t<div class=\"elementor-element elementor-element-c110804 elementor-widget elementor-widget-text-editor\" data-id=\"c110804\" data-element_type=\"widget\" data-e-type=\"widget\" data-widget_type=\"text-editor.default\">\n\t\t\t\t<div class=\"elementor-widget-container\">\n\t\t\t\t\t\t\t\t\t<div class=\"sc-kLnunm jmHNqV\"><div><p><strong>\u5165\u53e3 \uff1a<\/strong><\/p><\/div><div>\u975e\u51e1\u7684\u6cf3\u6c60\u4f53\u9a8c\u3002\u624b\u6301\u67d4\u8f6f\u7684\u6bdb\u5dfe\uff0c\u4ece\u60a8\u7684\u4f18\u8d8a\u4f4d\u7f6e\u6b23\u8d4f\u6cf3\u6c60\u7684\u58ee\u4e3d\u666f\u8272\u3002\u4eab\u53d7\u4e13\u5c5e\u901a\u9053\u548c\u4f18\u8d8a\u7684\u8212\u9002\u5ea6\uff0c\u5f7b\u5e95\u653e\u677e\u8eab\u5fc3\u3002\u8ba9\u81ea\u5df1\u6c89\u6d78\u5728\u70ed\u95f9\u7684\u6c1b\u56f4\u4e2d\uff0c\u540c\u65f6\u4eab\u53d7\u4e00\u6d41\u7684\u793c\u5bbe\u670d\u52a1\u3002\u6b64\u5916\uff0c\u6211\u4eec\u7684\u6c34\u4e0a\u84b2\u56e2\u5c06\u4e3a\u60a8\u7684\u9633\u5149\u707f\u70c2\u7684\u4e00\u5929\u589e\u6dfb\u4e00\u4e1d\u4e50\u8da3\u548c\u8212\u9002\u3002\u5c3d\u60c5\u4f53\u9a8c\u5962\u534e\u4e0e\u5b81\u9759\u3002<\/div><div>\u00a0<\/div><\/div><div class=\"sc-kLnunm jmHNqV\"><div class=\"sc-kLnunm jpfFPt\"><p><strong>\u9884\u8ba2\u653f\u7b56\uff1a<\/strong><\/p><p>\u7ade\u6280\u573a\u95e8\u7968\u4ee5\u5148\u5230\u5148\u5f97\u7684\u65b9\u5f0f\u5206\u914d\u3002<\/p><p>\u9884\u8ba2\u622a\u6b62\u5230\u4e0b\u5348 2 \u70b9\u3002\u5728\u4e0b\u5348 2 \u70b9\u4e4b\u540e\uff0c\u5982\u679c\u6709\u7a7a\u623f\uff0c\u4e5f\u6b22\u8fce\u6ca1\u6709\u9884\u8ba2\u7684\u5ba2\u4eba\u524d\u6765\u3002<\/p><p><strong>\u65f6\u95f4\u5b89\u6392<\/strong><\/p><p>\u6bcf\u5929\u4e2d\u5348 12 \u70b9\u81f3\u665a\u4e0a 8 \u70b9<\/p><p><strong>\u5b9a\u4ef7<\/strong><\/p><p class=\"p1\">\u8bf7\u6ce8\u610f\uff0c\u6bcf\u6b21\u9884\u8ba2\u90fd\u9700\u8981\u652f\u4ed8\u5165\u573a\u8d39\uff0c\u4e4b\u540e\u60a8\u53ef\u4ee5\u6839\u636e\u6700\u4f4e\u6d88\u8d39\u9009\u62e9\u60a8\u7684\u7403\u573a\u3002<\/p><p class=\"p1\">\u73b0\u573a\u63d0\u4f9b\u6700\u4f4e\u6d88\u8d39\u6c34\u5e73\u6e05\u5355\u3002<\/p><p class=\"p1\">\u4e0d\u8fc7\uff0c1 \u533a\u548c 4 \u533a\u7684\u6700\u4f4e\u6d88\u8d39\u53ef\u8ba9\u60a8\u4eab\u7528\u5168\u5957\u83dc\u5355\uff0c\u5305\u62ec\u98df\u54c1\u548c\u996e\u6599\u3002<\/p><p><strong>\u7740\u88c5\u8981\u6c42<\/strong><\/p><p>\u522b\u81f4\u7684\u6c99\u6ee9\u88c5\u3002\u5f3a\u70c8\u63a8\u8350\u6e38\u6cf3\u8863\u548c\u6c99\u6ee9\u88c5\u3002<\/p><p>\u5141\u8bb8\u7a7f\u5e03\u57fa\u5c3c<\/p><\/div><\/div>\t\t\t\t\t\t\t\t<\/div>\n\t\t\t\t<\/div>\n\t\t\t\t<\/div>\n\t\t<div class=\"elementor-element elementor-element-4d81d99 e-con-full e-flex e-con e-child\" data-id=\"4d81d99\" data-element_type=\"container\" data-e-type=\"container\">\n\t\t\t\t<div class=\"elementor-element elementor-element-e7bfdcd elementor-widget elementor-widget-text-editor\" data-id=\"e7bfdcd\" data-element_type=\"widget\" data-e-type=\"widget\" data-widget_type=\"text-editor.default\">\n\t\t\t\t<div class=\"elementor-widget-container\">\n\t\t\t\t\t\t\t\t\t<div class=\"sc-czvZiG izGNyz\"><div class=\"sc-eSxRXt cHvrCi venue-details\"><div class=\"sc-aaqME glWLdj\"><div class=\"sc-kLnunm jmHNqV\"><p><strong>\u5730\u70b9\u548c\u533a\u57df\uff1a<\/strong><\/p><\/div><div class=\"sc-kLnunm jmHNqV\"><div class=\"sc-kLnunm jpfFPt\"><div class=\"sc-kLnunm jpfFPt\"><p>\u4f4d\u4e8e\u6cf3\u6c60\u533a\uff0c\u4e0d\u540c\u533a\u57df\u4ef7\u683c\u4e0d\u540c <strong>( 1 \u533a )<\/strong><\/p><\/div><\/div><\/div><\/div><\/div><\/div>\t\t\t\t\t\t\t\t<\/div>\n\t\t\t\t<\/div>\n\t\t\t\t<div class=\"elementor-element elementor-element-3c6e6f2 elementor-widget-divider--view-line elementor-widget elementor-widget-divider\" data-id=\"3c6e6f2\" data-element_type=\"widget\" data-e-type=\"widget\" data-widget_type=\"divider.default\">\n\t\t\t\t<div class=\"elementor-widget-container\">\n\t\t\t\t\t\t\t<div class=\"elementor-divider\">\n\t\t\t<span class=\"elementor-divider-separator\">\n\t\t\t\t\t\t<\/span>\n\t\t<\/div>\n\t\t\t\t\t\t<\/div>\n\t\t\t\t<\/div>\n\t\t\t\t<div class=\"elementor-element elementor-element-88e568a e-grid-align-left e-grid-align-mobile-center elementor-shape-rounded elementor-grid-0 elementor-widget elementor-widget-social-icons\" data-id=\"88e568a\" data-element_type=\"widget\" data-e-type=\"widget\" data-widget_type=\"social-icons.default\">\n\t\t\t\t<div class=\"elementor-widget-container\">\n\t\t\t\t\t\t\t<div class=\"elementor-social-icons-wrapper elementor-grid\" role=\"list\">\n\t\t\t\t\t\t\t<span class=\"elementor-grid-item\" role=\"listitem\">\n\t\t\t\t\t<a class=\"elementor-icon elementor-social-icon elementor-social-icon-jki-phone-light elementor-repeater-item-9ddc6e2\" href=\"\/zh\/\u7535\u8bdd\uff1a+212600283407\/\" target=\"_blank\">\n\t\t\t\t\t\t<span class=\"elementor-screen-only\">Jki-phone light<\/span>\n\t\t\t\t\t\t<i aria-hidden=\"true\" class=\"jki jki-phone-light\"><\/i>\t\t\t\t\t<\/a>\n\t\t\t\t<\/span>\n\t\t\t\t\t\t\t<span class=\"elementor-grid-item\" role=\"listitem\">\n\t\t\t\t\t<a class=\"elementor-icon elementor-social-icon elementor-social-icon-jki-envelope1-light elementor-repeater-item-8e34ccc\" href=\"mailto:snob.beach.booking@gmail.com\" target=\"_blank\">\n\t\t\t\t\t\t<span class=\"elementor-screen-only\">JKi-envelope1-light<\/span>\n\t\t\t\t\t\t<i aria-hidden=\"true\" class=\"jki jki-envelope1-light\"><\/i>\t\t\t\t\t<\/a>\n\t\t\t\t<\/span>\n\t\t\t\t\t<\/div>\n\t\t\t\t\t\t<\/div>\n\t\t\t\t<\/div>\n\t\t\t\t<div class=\"elementor-element elementor-element-9eec825 elementor-widget elementor-widget-image\" data-id=\"9eec825\" data-element_type=\"widget\" data-e-type=\"widget\" data-widget_type=\"image.default\">\n\t\t\t\t<div class=\"elementor-widget-container\">\n\t\t\t\t\t\t\t\t\t\t\t\t\t\t\t<img fetchpriority=\"high\" decoding=\"async\" width=\"1966\" height=\"2544\" src=\"https:\/\/snob-beach.com\/wp-content\/uploads\/2024\/05\/plan-snob-beach-1.jpg\" class=\"attachment-full size-full wp-image-4569\" alt=\"\" srcset=\"https:\/\/snob-beach.com\/wp-content\/uploads\/2024\/05\/plan-snob-beach-1.jpg 1966w, https:\/\/snob-beach.com\/wp-content\/uploads\/2024\/05\/plan-snob-beach-1-232x300.jpg 232w, https:\/\/snob-beach.com\/wp-content\/uploads\/2024\/05\/plan-snob-beach-1-791x1024.jpg 791w, https:\/\/snob-beach.com\/wp-content\/uploads\/2024\/05\/plan-snob-beach-1-768x994.jpg 768w, https:\/\/snob-beach.com\/wp-content\/uploads\/2024\/05\/plan-snob-beach-1-1187x1536.jpg 1187w, https:\/\/snob-beach.com\/wp-content\/uploads\/2024\/05\/plan-snob-beach-1-1583x2048.jpg 1583w\" sizes=\"(max-width: 1966px) 100vw, 1966px\" \/>\t\t\t\t\t\t\t\t\t\t\t\t\t\t\t<\/div>\n\t\t\t\t<\/div>\n\t\t\t\t<\/div>\n\t\t\t\t\t<\/div>\n\t\t\t\t<\/div>\n\t\t<div class=\"elementor-element elementor-element-4268cda e-flex e-con-boxed e-con e-parent\" data-id=\"4268cda\" data-element_type=\"container\" data-e-type=\"container\">\n\t\t\t\t\t<div class=\"e-con-inner\">\n\t\t\t\t<div class=\"elementor-element elementor-element-50549469 elementor-widget-divider--view-line elementor-widget elementor-widget-divider\" data-id=\"50549469\" data-element_type=\"widget\" data-e-type=\"widget\" data-widget_type=\"divider.default\">\n\t\t\t\t<div class=\"elementor-widget-container\">\n\t\t\t\t\t\t\t<div class=\"elementor-divider\">\n\t\t\t<span class=\"elementor-divider-separator\">\n\t\t\t\t\t\t<\/span>\n\t\t<\/div>\n\t\t\t\t\t\t<\/div>\n\t\t\t\t<\/div>\n\t\t\t\t<div class=\"elementor-element elementor-element-5daaf17 elementor-widget elementor-widget-text-editor\" data-id=\"5daaf17\" data-element_type=\"widget\" data-e-type=\"widget\" data-widget_type=\"text-editor.default\">\n\t\t\t\t<div class=\"elementor-widget-container\">\n\t\t\t\t\t\t\t\t\t<div class=\"sc-bOtlzW jjAhNb\" style=\"text-align: center;\"><div class=\"sc-bOtlzW jjAhNb\" style=\"text-align: center;\"><div class=\"sc-bOtlzW jjAhNb\" style=\"text-align: center;\"><div class=\"sc-bOtlzW jjAhNb\" style=\"text-align: center;\"><p>\u4ee5\u4e0b\u662f\u5728\u79c1\u4eba\u533a\u57df\u63d0\u4f9b\u8d35\u5bbe\u8eba\u6905\u548c\u79c1\u4eba\u670d\u52a1\u7684\u4e00\u4e9b\u4f18\u52bf\uff1a<\/p><ol><li><p><strong>\u7edd\u5bf9\u72ec\u5bb6\uff1a<\/strong> \u8fdb\u5165\u8d35\u5bbe\u4e13\u7528\u533a\uff0c\u8fdc\u79bb\u4e3b\u6cf3\u6c60\u7684\u55a7\u56a3\uff0c\u5c3d\u4eab\u79c1\u5bc6\u7a7a\u95f4\u3002<\/p><\/li><li><p><strong>\u4e2a\u6027\u5316\u670d\u52a1 \uff1a<\/strong> \u4e3a\u8d35\u5bbe\u63d0\u4f9b\u4e13\u95e8\u7684\u793c\u5bbe\u670d\u52a1\uff0c\u6ee1\u8db3\u4ed6\u4eec\u4ece\u8336\u70b9\u5230\u9884\u8ba2\u989d\u5916\u670d\u52a1\u7684\u5404\u79cd\u9700\u6c42\u3002<\/p><\/li><li><p><strong>\u5353\u8d8a\u7684\u8212\u9002\u6027 \uff1a<\/strong> \u8c6a\u534e\u8eba\u6905\u914d\u6709\u539a\u5b9e\u7684\u5750\u57ab\u548c\u9876\u7ea7\u6750\u6599\uff0c\u63d0\u4f9b\u6781\u81f4\u7684\u8212\u9002\u611f\uff0c\u8ba9\u60a8\u5f7b\u5e95\u653e\u677e\u3002<\/p><\/li><li><p><strong>\u79c1\u4eba\u8bbe\u5907 \uff1a<\/strong> \u53ef\u4f7f\u7528\u79c1\u4eba\u5c0f\u5c4b\u3001\u6309\u6469\u6d74\u7f38\u6216\u79c1\u4eba\u6dcb\u6d74\u95f4\u7b49\u4e13\u5c5e\u8bbe\u65bd\uff0c\u63d0\u4f9b\u5962\u534e\u7684\u4e2a\u6027\u5316\u4f53\u9a8c\u3002<\/p><\/li><li><p><strong>\u5168\u666f \uff1a<\/strong> \u8fd9\u91cc\u5730\u7406\u4f4d\u7f6e\u4f18\u8d8a\uff0c\u6cf3\u6c60\u548c\u5468\u8fb9\u533a\u57df\u7684\u7f8e\u666f\u4e00\u89c8\u65e0\u4f59\uff0c\u8d35\u5bbe\u4eec\u53ef\u5728\u6b64\u5c3d\u4eab\u5b81\u9759\u3002<\/p><\/li><\/ol><\/div><\/div><\/div><\/div>\t\t\t\t\t\t\t\t<\/div>\n\t\t\t\t<\/div>\n\t\t\t\t<div class=\"elementor-element elementor-element-fd1b132 elementor-widget elementor-widget-text-editor\" data-id=\"fd1b132\" data-element_type=\"widget\" data-e-type=\"widget\" data-widget_type=\"text-editor.default\">\n\t\t\t\t<div class=\"elementor-widget-container\">\n\t\t\t\t\t\t\t\t\t<div class=\"sc-bOtlzW jjAhNb\" style=\"text-align: center;\"><div class=\"sc-bOtlzW jjAhNb\" style=\"text-align: center;\"><div class=\"sc-bOtlzW jjAhNb\" style=\"text-align: center;\"><div class=\"sc-bOtlzW jjAhNb\" style=\"text-align: center;\"><strong>\u8d35\u5bbe<\/strong><\/div><div class=\"sc-bOtlzW jDXaTJ\" style=\"text-align: center;\">\u4e8e<\/div><div class=\"sc-bOtlzW jjAhNb\" style=\"text-align: center;\"><strong>\u9a6c\u62c9\u5580\u4ec0\u65af\u8bfa\u6d77\u6ee9<\/strong><\/div><div class=\"sc-bOtlzW jDXaTJ\" style=\"text-align: center;\">\u9a6c\u62c9\u5580\u4ec0 10 \u516c\u91cc\u5965\u91cc\u5361\u4e4b\u8def<\/div><\/div><\/div><\/div>\t\t\t\t\t\t\t\t<\/div>\n\t\t\t\t<\/div>\n\t\t\t\t<div class=\"elementor-element elementor-element-3d25ae04 elementor-widget-divider--view-line elementor-widget elementor-widget-divider\" data-id=\"3d25ae04\" data-element_type=\"widget\" data-e-type=\"widget\" data-widget_type=\"divider.default\">\n\t\t\t\t<div class=\"elementor-widget-container\">\n\t\t\t\t\t\t\t<div class=\"elementor-divider\">\n\t\t\t<span class=\"elementor-divider-separator\">\n\t\t\t\t\t\t<\/span>\n\t\t<\/div>\n\t\t\t\t\t\t<\/div>\n\t\t\t\t<\/div>\n\t\t\t\t\t<\/div>\n\t\t\t\t<\/div>\n\t\t\t\t<\/div>","protected":false},"excerpt":{"rendered":"<p>VIP Serviette Vue Panoramique Exclusivit\u00e9 Absolue Service Personnalis\u00e9 Spectacle Priv\u00e9 Service de Conciergerie Pouf aquatique 1000 DH \/ Par Personne (Prix d&#8217;entr\u00e9e) R\u00e9servez d\u00e8s maintenant votre transat de d\u00e9tente parfaite! [&hellip;]<\/p>\n","protected":false},"author":1,"featured_media":0,"parent":0,"menu_order":0,"comment_status":"closed","ping_status":"closed","template":"elementor_canvas","meta":{"footnotes":""},"class_list":["post-3200","page","type-page","status-publish","hentry"],"aioseo_notices":[],"_links":{"self":[{"href":"https:\/\/snob-beach.com\/zh\/wp-json\/wp\/v2\/pages\/3200","targetHints":{"allow":["GET"]}}],"collection":[{"href":"https:\/\/snob-beach.com\/zh\/wp-json\/wp\/v2\/pages"}],"about":[{"href":"https:\/\/snob-beach.com\/zh\/wp-json\/wp\/v2\/types\/page"}],"author":[{"embeddable":true,"href":"https:\/\/snob-beach.com\/zh\/wp-json\/wp\/v2\/users\/1"}],"replies":[{"embeddable":true,"href":"https:\/\/snob-beach.com\/zh\/wp-json\/wp\/v2\/comments?post=3200"}],"version-history":[{"count":0,"href":"https:\/\/snob-beach.com\/zh\/wp-json\/wp\/v2\/pages\/3200\/revisions"}],"wp:attachment":[{"href":"https:\/\/snob-beach.com\/zh\/wp-json\/wp\/v2\/media?parent=3200"}],"curies":[{"name":"wp","href":"https:\/\/api.w.org\/{rel}","templated":true}]}}